{"id":17,"date":"2010-06-27T21:51:12","date_gmt":"2010-06-27T21:51:12","guid":{"rendered":"http:\/\/www.dreh-worm.de\/?page_id=17"},"modified":"2023-01-25T17:12:52","modified_gmt":"2023-01-25T17:12:52","slug":"kontakt","status":"publish","type":"page","link":"http:\/\/www.dreh-worm.de\/?page_id=17","title":{"rendered":"Kontakt"},"content":{"rendered":"<table border=\"1\" cellspacing=\"0\" cellpadding=\"0\">\n<tbody>\n<tr>\n<td valign=\"top\" width=\"243\">\n<div class=\"wpcf7 no-js\" id=\"wpcf7-f353-o1\" lang=\"en-US\" dir=\"ltr\">\n<div class=\"screen-reader-response\"><p role=\"status\" aria-live=\"polite\" aria-atomic=\"true\"><\/p> <ul><\/ul><\/div>\n<form action=\"\/index.php?rest_route=%2Fwp%2Fv2%2Fpages%2F17#wpcf7-f353-o1\" method=\"post\" class=\"wpcf7-form init\" aria-label=\"Contact form\" novalidate=\"novalidate\" data-status=\"init\">\n<div style=\"display: none;\">\n<input type=\"hidden\" name=\"_wpcf7\" value=\"353\" \/>\n<input type=\"hidden\" name=\"_wpcf7_version\" value=\"5.9.8\" \/>\n<input type=\"hidden\" name=\"_wpcf7_locale\" value=\"en_US\" \/>\n<input type=\"hidden\" name=\"_wpcf7_unit_tag\" value=\"wpcf7-f353-o1\" \/>\n<input type=\"hidden\" name=\"_wpcf7_container_post\" value=\"0\" \/>\n<input type=\"hidden\" name=\"_wpcf7_posted_data_hash\" value=\"\" \/>\n<input type=\"hidden\" name=\"_wpcf7_recaptcha_response\" value=\"\" \/>\n<\/div>\n<p>Name\n<\/p>\n<p><span class=\"wpcf7-form-control-wrap\" data-name=\"your-name\"><input size=\"40\" maxlength=\"400\" class=\"wpcf7-form-control wpcf7-text wpcf7-validates-as-required\" aria-required=\"true\" aria-invalid=\"false\" value=\"\" type=\"text\" name=\"your-name\" \/><\/span>\n<\/p>\n<p><span id=\"wpcf7-69f7c9b570d06-wrapper\" class=\"wpcf7-form-control-wrap Website-wrap\" ><label for=\"wpcf7-69f7c9b570d06-field\" class=\"hp-message\">Please leave this field empty.<\/label><input id=\"wpcf7-69f7c9b570d06-field\"  class=\"wpcf7-form-control wpcf7-text\" type=\"text\" name=\"Website\" value=\"\" size=\"40\" tabindex=\"-1\" autocomplete=\"new-password\" \/><\/span><br \/>\n<span id=\"wpcf7-69f7c9b570d55-wrapper\" class=\"wpcf7-form-control-wrap Mobile-wrap\" ><label for=\"wpcf7-69f7c9b570d55-field\" class=\"hp-message\">Please leave this field empty.<\/label><input id=\"wpcf7-69f7c9b570d55-field\"  class=\"wpcf7-form-control wpcf7-text\" type=\"text\" name=\"Mobile\" value=\"\" size=\"40\" tabindex=\"-1\" autocomplete=\"new-password\" \/><\/span>\n<\/p>\n<p>Email\n<\/p>\n<p><span class=\"wpcf7-form-control-wrap\" data-name=\"your-email\"><input size=\"40\" maxlength=\"400\" class=\"wpcf7-form-control wpcf7-email wpcf7-validates-as-required wpcf7-text wpcf7-validates-as-email\" aria-required=\"true\" aria-invalid=\"false\" value=\"\" type=\"email\" name=\"your-email\" \/><\/span>\n<\/p>\n<p>Betreff\n<\/p>\n<p><span class=\"wpcf7-form-control-wrap\" data-name=\"your-subject\"><input size=\"40\" maxlength=\"400\" class=\"wpcf7-form-control wpcf7-text\" aria-invalid=\"false\" value=\"\" type=\"text\" name=\"your-subject\" \/><\/span>\n<\/p>\n<p>Ihre Nachricht\n<\/p>\n<p><span class=\"wpcf7-form-control-wrap\" data-name=\"your-message\"><textarea cols=\"40\" rows=\"10\" maxlength=\"2000\" class=\"wpcf7-form-control wpcf7-textarea\" aria-invalid=\"false\" name=\"your-message\"><\/textarea><\/span>\n<\/p>\n<p><input class=\"wpcf7-form-control wpcf7-submit has-spinner\" type=\"submit\" value=\"Senden\" \/>\n<\/p><p style=\"display: none !important;\" class=\"akismet-fields-container\" data-prefix=\"_wpcf7_ak_\"><label>&#916;<textarea name=\"_wpcf7_ak_hp_textarea\" cols=\"45\" rows=\"8\" maxlength=\"100\"><\/textarea><\/label><input type=\"hidden\" id=\"ak_js_1\" name=\"_wpcf7_ak_js\" value=\"56\"\/><script type=\"text\/javascript\">\n\/* <![CDATA[ *\/\ndocument.getElementById( \"ak_js_1\" ).setAttribute( \"value\", ( new Date() ).getTime() );\n\/* ]]> *\/\n<\/script>\n<\/p><div class=\"wpcf7-response-output\" aria-hidden=\"true\"><\/div>\n<\/form>\n<\/div>\n<\/td>\n<td valign=\"top\" width=\"450\"><span style=\"color: #888888;\"><strong>Impressum<\/strong><\/span>&nbsp;<\/p>\n<p><span style=\"color: #999999;\"><span style=\"font-size: x-small;\"><em>T\u00f6pfer-Logo:<\/em><br \/>\nHolzschnitt, <a title=\"hartmutleimcke\" href=\"http:\/\/hartmutleimcke.de\" target=\"_blank\" rel=\"noopener\">Hartmut Leimcke<\/a><br \/>\nChemnitzer K\u00fcnstler<\/span><\/span><\/p>\n<p><span style=\"color: #999999;\"><span style=\"font-size: x-small;\"><em>Fotos:<\/em><br \/>\n<a title=\"Grit Doerre\" href=\"http:\/\/grit-doerre.de\/\" target=\"_blank\" rel=\"noopener\">Grit Doerre, Fotografie<\/a><br \/>\n(www.grit-doerre.de)<\/span><\/span><\/p>\n<p><span style=\"color: #999999;\"><span style=\"font-size: x-small;\">Bilder an T\u00f6pferscheibe, Portrait im Spiegel, Seifenschale, Knaufe, Teller-blau-wei\u00df, K\u00fcchenuhr, Hochzeitstassen, Kerzenhalter, Schale mit Spruch, Milchkrug mit Tasse und Teller:<br \/>\n<em>Maria &amp; Martin Worm<\/em><\/span><\/span><\/p>\n<p><span style=\"color: #999999;\"><span style=\"font-size: x-small;\">Alle auf www.dreh-worm.de ver\u00f6ffentlichten Texte und Fotografien sind urheberrechtlich gesch\u00fctzt. Das Vervielf\u00e4ltigen, Herunterladen, Verbreiten und Ver\u00f6ffentlichen bedarf der schriftlichen Genehmigung von Maria Worm.<\/span><\/span><\/p>\n<p><span style=\"color: #999999;\"><span style=\"font-size: x-small;\">Haftungshinweis<br \/>\nTrotz sorgf\u00e4ltiger inhaltlicher Kontrolle \u00fcbernehme ich keine Haftung f\u00fcr die Inhalte externer Links. F\u00fcr den Inhalt der verlinkten Seiten sind ausschlie\u00dflich deren Betreiber verantwortlich.<\/span><\/span><\/td>\n<\/tr>\n<\/tbody>\n<\/table>\n","protected":false},"excerpt":{"rendered":"<p>Impressum&nbsp; T\u00f6pfer-Logo: Holzschnitt, Hartmut Leimcke Chemnitzer K\u00fcnstler Fotos: Grit Doerre, Fotografie (www.grit-doerre.de) Bilder an T\u00f6pferscheibe, Portrait im Spiegel, Seifenschale, Knaufe, Teller-blau-wei\u00df, K\u00fcchenuhr, Hochzeitstassen, Kerzenhalter, Schale mit Spruch, Milchkrug mit Tasse und Teller: Maria &amp; Martin Worm Alle auf www.dreh-worm.de ver\u00f6ffentlichten &hellip; <a href=\"http:\/\/www.dreh-worm.de\/?page_id=17\">Weiterlesen <span class=\"meta-nav\">&rarr;<\/span><\/a><\/p>\n","protected":false},"author":1,"featured_media":396,"parent":0,"menu_order":0,"comment_status":"closed","ping_status":"closed","template":"onecolumn-page.php","meta":{"ngg_post_thumbnail":0,"footnotes":""},"_links":{"self":[{"href":"http:\/\/www.dreh-worm.de\/index.php?rest_route=\/wp\/v2\/pages\/17"}],"collection":[{"href":"http:\/\/www.dreh-worm.de\/index.php?rest_route=\/wp\/v2\/pages"}],"about":[{"href":"http:\/\/www.dreh-worm.de\/index.php?rest_route=\/wp\/v2\/types\/page"}],"author":[{"embeddable":true,"href":"http:\/\/www.dreh-worm.de\/index.php?rest_route=\/wp\/v2\/users\/1"}],"replies":[{"embeddable":true,"href":"http:\/\/www.dreh-worm.de\/index.php?rest_route=%2Fwp%2Fv2%2Fcomments&post=17"}],"version-history":[{"count":62,"href":"http:\/\/www.dreh-worm.de\/index.php?rest_route=\/wp\/v2\/pages\/17\/revisions"}],"predecessor-version":[{"id":405,"href":"http:\/\/www.dreh-worm.de\/index.php?rest_route=\/wp\/v2\/pages\/17\/revisions\/405"}],"wp:featuredmedia":[{"embeddable":true,"href":"http:\/\/www.dreh-worm.de\/index.php?rest_route=\/wp\/v2\/media\/396"}],"wp:attachment":[{"href":"http:\/\/www.dreh-worm.de\/index.php?rest_route=%2Fwp%2Fv2%2Fmedia&parent=17"}],"curies":[{"name":"wp","href":"https:\/\/api.w.org\/{rel}","templated":true}]}}