{"id":223,"date":"2010-10-07T19:20:43","date_gmt":"2010-10-07T19:20:43","guid":{"rendered":"http:\/\/www.dreh-worm.de\/?page_id=223"},"modified":"2024-04-23T19:27:47","modified_gmt":"2024-04-23T19:27:47","slug":"uber-mich-als-topferin","status":"publish","type":"page","link":"http:\/\/www.dreh-worm.de\/?page_id=223","title":{"rendered":"\u00dcber mich als T\u00f6pferin"},"content":{"rendered":"<p><strong>2001<\/strong> Abitur<\/p>\n<p><strong>2001 &#8211; 2004<\/strong> Ausbildung zur Scheibent\u00f6pferin bei Christa B\u00e4nfer,&nbsp;&nbsp;&nbsp;&nbsp;&nbsp;&nbsp;&nbsp;&nbsp;&nbsp;&nbsp;&nbsp;&nbsp;&nbsp;&nbsp;&nbsp;&nbsp;&nbsp;&nbsp;&nbsp;&nbsp;&nbsp;&nbsp;&nbsp;&nbsp;&nbsp;&nbsp;&nbsp;&nbsp;&nbsp;&nbsp;&nbsp; Inselt\u00f6pferei Fehmarn<\/p>\n<p><strong>Okt.\/Nov. 2003<\/strong> Ausstellung, Villa &#8211; Sch\u00fcffnerstra\u00dfe, Chemnitz<\/p>\n<p><strong>Mai &#8217;05 &#8211; September &#8217;06<\/strong> Projektleiterin der Kreativtagesst\u00e4tte,&nbsp;&nbsp;&nbsp;&nbsp;&nbsp;&nbsp;&nbsp;&nbsp;&nbsp;&nbsp;&nbsp;&nbsp;&nbsp;&nbsp;&nbsp;&nbsp;&nbsp;&nbsp;&nbsp;&nbsp;&nbsp;&nbsp;&nbsp;&nbsp; <a title=\"Stoffwechsel\" href=\"http:\/\/stoffwechsel.com\/\" target=\"_blank\" rel=\"noopener\">Stoffwechsel e.V.<\/a>, Dresden<\/p>\n<p><strong>seit 2005<\/strong> selbst\u00e4ndiges Nebengewerbe, T\u00f6pferkurse im <a title=\"MadeByYou-Dresden\" href=\"http:\/\/www.madebyyou-dresden.de\/\" target=\"_blank\" rel=\"noopener\">MadeByYou<\/a> , Dresden<\/p>\n<p><strong>Mai &#8211; Juli 2006<\/strong> Verkaufsausstellung, Schlo\u00df Lichtenwalde<\/p>\n<p><strong>seit 2007<\/strong> erweiterte Mitarbeit im Keramikmalcaf\u00e9 <a title=\"MadeByYou-Dresden\" href=\"http:\/\/www.madebyyou-dresden.de\/\" target=\"_blank\" rel=\"noopener\">MadeByYou<\/a> , Dresden<\/p>\n<p><strong>seit 2008<\/strong> gelegentliche Verkaufsausstellungen Sch\u00f6nherrfabrik, Chemnitz in Zusammenarbeit mit dem K\u00fcnstler <a title=\"hartmutleimcke\" href=\"http:\/\/hartmutleimcke.de\/\" target=\"_blank\" rel=\"noopener\">Hartmut Leimcke<\/a><\/p>\n<p><strong>Aug. 2009 -Nov. 2010&nbsp;<\/strong>dauerhafte Verkaufsausstellung im Ladengesch\u00e4ft &#8222;Rosenrot&#8220; in Dresden Altleubnitz<\/p>\n<p><strong>Nov. 2009<\/strong> Mitarbeit in der T\u00f6pferei von Stefanie Oeler, Constappel<\/p>\n<p><strong>Dez. 20<\/strong><strong>10 \/ 2012 \/ 2013<\/strong> Verkaufsstand auf dem <strong>Nikolausmarkt \u2013 Kunsthofpassage, <\/strong>Dresden<\/p>\n<p><strong>Feb. 20<\/strong><strong>14<\/strong> Verkaufsstand auf dem <strong>Handmademarkt &#8211; Alter Schlachthof, <\/strong>Dresden<\/p>\n<p><strong>Dez. 2013 &#8211; <\/strong><strong>2023<\/strong> Verkaufsstand auf dem <strong>Adventsmarkt \u2013 Alte Fabrik, <\/strong>Dresden <em><span style=\"color: #993300;\">findet immer am 1. Adventswochenende statt<\/span><\/em><\/p>\n<p><strong>seit Okt. 20<\/strong><strong>17<\/strong> erweiterte Anstellung im <strong><a href=\"https:\/\/www.facebook.com\/MadebyYouDresden\/photos\/a.393107727444887\/1867152640040381\/?type=3&amp;theater\" target=\"_blank\" rel=\"noopener\">Made By You<\/a>, <\/strong>Dresden-Neustadt<\/p>\n<p><a href=\"http:\/\/www.dreh-worm.de\/wp-content\/uploads\/2010\/10\/05-\u00fcber_mich.jpg\"><img loading=\"lazy\" decoding=\"async\" class=\"alignnone size-full wp-image-238\" title=\"05-\u00fcber_mich\" src=\"http:\/\/www.dreh-worm.de\/wp-content\/uploads\/2010\/10\/05-\u00fcber_mich.jpg\" alt=\"\" width=\"180\" height=\"161\"><\/a><\/p>\n","protected":false},"excerpt":{"rendered":"<p>2001 Abitur 2001 &#8211; 2004 Ausbildung zur Scheibent\u00f6pferin bei Christa B\u00e4nfer,&nbsp;&nbsp;&nbsp;&nbsp;&nbsp;&nbsp;&nbsp;&nbsp;&nbsp;&nbsp;&nbsp;&nbsp;&nbsp;&nbsp;&nbsp;&nbsp;&nbsp;&nbsp;&nbsp;&nbsp;&nbsp;&nbsp;&nbsp;&nbsp;&nbsp;&nbsp;&nbsp;&nbsp;&nbsp;&nbsp;&nbsp; Inselt\u00f6pferei Fehmarn Okt.\/Nov. 2003 Ausstellung, Villa &#8211; Sch\u00fcffnerstra\u00dfe, Chemnitz Mai &#8217;05 &#8211; September &#8217;06 Projektleiterin der Kreativtagesst\u00e4tte,&nbsp;&nbsp;&nbsp;&nbsp;&nbsp;&nbsp;&nbsp;&nbsp;&nbsp;&nbsp;&nbsp;&nbsp;&nbsp;&nbsp;&nbsp;&nbsp;&nbsp;&nbsp;&nbsp;&nbsp;&nbsp;&nbsp;&nbsp;&nbsp; Stoffwechsel e.V., Dresden seit 2005 selbst\u00e4ndiges Nebengewerbe, T\u00f6pferkurse im MadeByYou , Dresden &hellip; <a href=\"http:\/\/www.dreh-worm.de\/?page_id=223\">Weiterlesen <span class=\"meta-nav\">&rarr;<\/span><\/a><\/p>\n","protected":false},"author":2,"featured_media":229,"parent":0,"menu_order":0,"comment_status":"closed","ping_status":"open","template":"onecolumn-page.php","meta":{"ngg_post_thumbnail":0,"footnotes":""},"_links":{"self":[{"href":"http:\/\/www.dreh-worm.de\/index.php?rest_route=\/wp\/v2\/pages\/223"}],"collection":[{"href":"http:\/\/www.dreh-worm.de\/index.php?rest_route=\/wp\/v2\/pages"}],"about":[{"href":"http:\/\/www.dreh-worm.de\/index.php?rest_route=\/wp\/v2\/types\/page"}],"author":[{"embeddable":true,"href":"http:\/\/www.dreh-worm.de\/index.php?rest_route=\/wp\/v2\/users\/2"}],"replies":[{"embeddable":true,"href":"http:\/\/www.dreh-worm.de\/index.php?rest_route=%2Fwp%2Fv2%2Fcomments&post=223"}],"version-history":[{"count":40,"href":"http:\/\/www.dreh-worm.de\/index.php?rest_route=\/wp\/v2\/pages\/223\/revisions"}],"predecessor-version":[{"id":553,"href":"http:\/\/www.dreh-worm.de\/index.php?rest_route=\/wp\/v2\/pages\/223\/revisions\/553"}],"wp:featuredmedia":[{"embeddable":true,"href":"http:\/\/www.dreh-worm.de\/index.php?rest_route=\/wp\/v2\/media\/229"}],"wp:attachment":[{"href":"http:\/\/www.dreh-worm.de\/index.php?rest_route=%2Fwp%2Fv2%2Fmedia&parent=223"}],"curies":[{"name":"wp","href":"https:\/\/api.w.org\/{rel}","templated":true}]}}